{"id":792,"date":"2021-04-28T12:37:20","date_gmt":"2021-04-28T12:37:20","guid":{"rendered":"https:\/\/piawaelti.ch\/?page_id=792"},"modified":"2025-07-25T09:41:02","modified_gmt":"2025-07-25T09:41:02","slug":"test","status":"publish","type":"page","link":"https:\/\/piawaelti.ch\/?page_id=792","title":{"rendered":"Datenschutz"},"content":{"rendered":"<p><a href=\"https:\/\/piawaelti.ch\/\">zur\u00fcck zur Website<\/a><\/p>\n<h1 class=\"entry-title\">Datenschutz<\/h1>\n<p>Dein Vertrauen ist uns wichtig \u2013 und auch Deine Datensicherheit. Pia W\u00e4lti beachtet die gesetzlichen Bestimmungen des Bundesgesetzes \u00fcber den Datenschutz (DSG), der Verordnung zum Bundesgesetz \u00fcber den Datenschutz (VDSG), des Fernmeldegesetzes (FMG) sowie andere datenschutzrechtliche Bestimmungen, beispielsweise die Datenschutzgrundverordnung der Europ\u00e4ischen Union (nachfolgend DSGVO).<\/p>\n<h2>Grundsatz<\/h2>\n<p>Eine Datenschutzerkl\u00e4rung kl\u00e4rt \u00fcber die Art, den Zweck und Umfang der Verarbeitung personenbezogener Daten im Zusammenhang mit der Nutzung unserer Website und den mitangebotenen Diensten auf. Diese Datenschutzerkl\u00e4rung gilt unabh\u00e4ngig von den verwendeten Domains oder Ger\u00e4ten (beispielsweise Smartphone oder Desktop-Computer).<\/p>\n<p>Zu den personenbezogenen Daten geh\u00f6ren beispielsweise Mess- und Nutzungsdaten zur Analyse der besuchten Unterseiten oder dem Interesse an konkreten Angeboten.<\/p>\n<h2>Sicherheitsmassnahmen<\/h2>\n<p>Die Datensicherheit hat h\u00f6chste Priorit\u00e4t. Dementsprechend treffen wir organisatorische, vertragliche und technische Sicherheitsmassnahmen. So wird sichergestellt, dass Daten gegen Verlust, unberechtigten Zugriff und Manipulation bestm\u00f6glich gesch\u00fctzt sind.<\/p>\n<p>Konkret werden folgende Sicherheitsmassnahmen getroffen:<\/p>\n<ul>\n<li>der gesamte Daten\u00fcbertragungsvorgang zwischen dem Webbrowser und dem Webserver wird verschl\u00fcsselt (SSL).<\/li>\n<li>die Website wird regelm\u00e4ssig aktualisiert und Sicherheitsupdates installiert.<\/li>\n<\/ul>\n<h2>Werden Daten f\u00fcr eine Weiterverarbeitung an Dritte \u00fcbergeben?<\/h2>\n<p>Eine Weitergabe von Daten an Dritte erfolgt nur im Rahmen der gesetzlichen Vorgaben (Art. 6 Abs. 1 lit. b DSGVO) und nur mit der expliziten Zustimmung.<\/p>\n<h2>Welche Daten werden f\u00fcr die Erbringung vertraglicher Leistungen gespeichert?<\/h2>\n<p>Bei der Kontaktaufnahme mit uns per E-Mail werden die pers\u00f6nlichen Daten zur Bearbeitung der Kontaktanfrage und der Abwicklung im Zusammenhang mit einer konkreten Dienstleistung\/Bestellung verarbeitet.<\/p>\n<p>Personenbezogene Daten k\u00f6nnen in unserem Customer Relationship Management System (\u00abCRM System\u00bb) gespeichert werden.<\/p>\n<h2>Welche technischen Zugriffsdaten und Logfiles werden erfasst?<\/h2>\n<p>Wir erheben auf Grundlage unserer berechtigten Interessen Daten \u00fcber jeden Zugriff auf den Webserver. Zu den Zugriffsdaten geh\u00f6ren:<\/p>\n<ul>\n<li>Name der abgerufenen Domain<\/li>\n<li>Datum und Uhrzeit des Abrufs<\/li>\n<li>Protokollinformationen wie Protokolltyp, -Version, die gew\u00fcnschte Aktion, Statuscodes oder Angaben zu den transferierten Daten (z.B. die Gr\u00f6sse einer Frage oder einer Antwort)<\/li>\n<li>Fehlermeldungen<\/li>\n<li>Sprache und Version der Browsersoftware<\/li>\n<li>Angaben zum Betriebssystem<\/li>\n<li>Referrer URL (die zuvor besuchte Seite)<\/li>\n<li>IP-Adresse<\/li>\n<li>der anfragende Provider<\/li>\n<\/ul>\n<p>Logfile-Informationen sind aus technischen Gr\u00fcnden erforderlich, um unsere Website zur Verf\u00fcgung zu stellen. Der Hosting-Anbieter sch\u00fctzt diese Daten mit technischen und organisatorischen Massnahmen vor unerlaubten Zugriffen und gibt sie nicht an Dritte weiter. Soweit dabei personenbezogene Daten verarbeitet werden, geschieht dies aufgrund des Interesses, dem Websitebesuchenden die bestm\u00f6gliche Nutzererfahrung zu bieten und die Sicherheit und Stabilit\u00e4t der Serverinfrastruktur zu gew\u00e4hrleisten.<\/p>\n<p>Daten, deren weitere Aufbewahrung zu Beweiszwecken erforderlich ist, sind bis zur endg\u00fcltigen Kl\u00e4rung des jeweiligen Vorfalls von der L\u00f6schung ausgenommen.<\/p>\n<h2>Wie werden Cookies eingesetzt?<\/h2>\n<p><b>Was sind Cookies?<\/b><br \/>\nCookies sind Informationen, die von unserem Webserver oder Webservern Dritter an die Web-Browser der Nutzer*innen \u00fcbertragen und dort f\u00fcr einen sp\u00e4teren Abruf gespeichert werden. Bei Cookies kann es sich um kleine Dateien oder sonstige Arten der Informationsspeicherung handeln. \u00dcber den Einsatz von Cookies im Rahmen pseudonymer Reichweitenmessung werden die Nutzer*innen im Rahmen dieser Datenschutzerkl\u00e4rung informiert.<\/p>\n<p><b>Session-Cookies<\/b><br \/>\nWir verwenden \u00abSession-Cookies\u00bb, die nur f\u00fcr die Zeitdauer des aktuellen Besuchs auf unserer Onlinepr\u00e4senz abgelegt werden. In einem Session-Cookie wird eine zuf\u00e4llig erzeugte eindeutige Identifikationsnummer abgelegt, eine sogenannte Session-ID. Ausserdem enth\u00e4lt ein Cookie die Angabe \u00fcber seine Herkunft und die Speicherfrist. Diese Cookies k\u00f6nnen keine anderen Daten speichern. Session-Cookies werden gel\u00f6scht, wenn Du die Nutzung unseres Onlineangebotes beendet hast und Du Dich z.B. ausloggst oder den Browser schliesst.<\/p>\n<p><b>Cookie-Einstellungen anpassen<\/b><br \/>\nDie meisten Browser akzeptieren Cookies automatisch. Du kannst die Einstellungen f\u00fcr Cookies in Deinem Browser anpassen, um bestimmte oder alle Cookies zu deaktivieren. Beachte jedoch, dass dies zu Funktions-einschr\u00e4nkungen f\u00fchren kann. Um mehr \u00fcber dar\u00fcber zu erfahren, wie Cookies in verschiedenen Browsern kontrolliert werden k\u00f6nnen, nutze folgende Links: <a href=\"https:\/\/support.mozilla.org\/de\/kb\/cookies-erlauben-und-ablehnen\">Mozilla Firefox<\/a>, <a href=\"https:\/\/support.google.com\/chrome\/answer\/95647?hl=de\">Google Chrome<\/a>, <a href=\"https:\/\/support.microsoft.com\/de-de\/help\/17442\/windows-internet-explorer-delete-manage-cookies\">Internet Explorer<\/a>, <a href=\"https:\/\/support.apple.com\/de-ch\/guide\/safari\/sfri11471\/mac\">Safari<\/a>.<\/p>\n<p>Der Einsatz von Cookies, die der Reichweitenmessung und Werbezwecken dienen, kann \u00fcber die Deaktivierungsseite der Netzwerkwerbeinitiative (<a href=\"http:\/\/optout.networkadvertising.org\/\">http:\/\/optout.networkadvertising.org\/<\/a>) und zus\u00e4tzlich die US-amerikanische Website (<a href=\"http:\/\/www.aboutads.info\/choices\">http:\/\/www.aboutads.info\/choices<\/a>) oder die europ\u00e4ische Website (<a href=\"http:\/\/www.youronlinechoices.com\/ch-de\/praferenzmanagement\">http:\/\/www.youronlinechoices.com\/ch-de\/praferenzmanagement<\/a>) widersprochen werden.<\/p>\n<h2>Welche Aktivit\u00e4ten auf der Website werden analysiert?<\/h2>\n<p>F\u00fcr die Webanalyse setzen wir Google Analytics ein, ein Dienst der Google Inc. (\u00abGoogle\u00bb). Google verwendet Cookies. Die durch das Cookie erzeugten Informationen \u00fcber Benutzung des Onlineangebotes durch die Nutzer*innen werden in der Regel an einen Server von Google \u00fcbertragen und dort gespeichert.<\/p>\n<p>Wir setzen Google Analytics mit aktivierter IP-Anonymisierung ein. Das bedeutet, die IP-Adresse der Nutzer*innen wird von Google innerhalb von Mitgliedstaaten der Europ\u00e4ischen Union oder in anderen Vertragsstaaten des Abkommens \u00fcber den Europ\u00e4ischen Wirtschaftsraum gek\u00fcrzt. Nur in Ausnahmef\u00e4llen wird die volle IP-Adresse an einen Server von Google in den USA \u00fcbertragen und dort gek\u00fcrzt. Entsprechend speichert Google die \u00fcber Cookies erhobenen Informationen nur in anonymisierter Form und verarbeitet sie in aggregierter Form.<\/p>\n<p>Folgende Informationen werden in der Regel erfasst:<\/p>\n<ul>\n<li>die von Dir aufgerufenen Seiten<\/li>\n<li>Erreichung von \u00abWebsite-Zielen\u00bb (Conversions, z.B. Newsletter-Anmeldungen, Downloads, K\u00e4ufe)<\/li>\n<li>Dein Nutzerverhalten (beispielsweise Klicks, Verweildauer, Absprungraten)<\/li>\n<li>Dein ungef\u00e4hrer Standort (Region)<\/li>\n<li>Deine IP-Adresse (in gek\u00fcrzter Form)<\/li>\n<li>technische Informationen zu Deinem Browser und den von Dir genutzten Endger\u00e4ten (z.B. Spracheinstellung, Bildschirmaufl\u00f6sung)<\/li>\n<li>Dein Internetanbieter<\/li>\n<li>die Referrer-URL (\u00fcber welche Website\/ \u00fcber welches Werbemittel Du auf diese Website gekommen bist)<\/li>\n<\/ul>\n<p>Du kannst die Speicherung von Cookies durch eine entsprechende Browsereinstellung verhindern. Dies ist auch \u00fcber das von Google bereitgestellte Browser-Plugin m\u00f6glich: http:\/\/tools.google.com\/dlpage\/gaoptout?hl=de.<\/p>\n<p>Weitere Informationen zur Datennutzung durch Google, Einstellungs- und Widerspruchsm\u00f6glichkeiten erf\u00e4hrst Du auf den Webseiten von Google:<a href=\"https:\/\/www.google.com\/intl\/de\/policies\/privacy\/partners\"> https:\/\/www.google.com\/intl\/de\/policies\/privacy\/partners<\/a> (\u00abDatennutzung durch Google bei Deiner Nutzung von Websites oder Apps unserer Partner\u00bb),<a href=\"http:\/\/www.google.com\/policies\/technologies\/ads\"> http:\/\/www.google.com\/policies\/technologies\/ads<\/a> (\u00abDatennutzung zu Werbezwecken\u00bb),<a href=\"http:\/\/www.google.de\/settings\/ads\"> http:\/\/www.google.de\/settings\/ads<\/a> (\u00abInformationen verwalten, die Google verwendet, um Dir Werbung einzublenden\u00bb).<\/p>\n<p>In unserem Auftrag nutzt Google die Informationen, um die Website-Nutzung auszuwerten, um Reports \u00fcber die Aktivit\u00e4ten zu generieren und um weitere, mit der Nutzung dieses Onlineangebotes und der Internetnutzung verbundene Dienstleistungen uns gegen\u00fcber zu erbringen. Dabei k\u00f6nnen aus den verarbeiteten Daten pseudonyme Nutzungsprofile der Nutzer*innen erstellt werden.<\/p>\n<p>Wir setzen auf der Website Re-Targeting-Technologien ein. Dabei wird Dein Nutzerverhalten auf unserer Website analysiert, um anschliessend auch auf Partnerwebsites individuell auf Dich zugeschnittene Werbung anbieten zu k\u00f6nnen. Das Nutzerverhalten wird dabei pseudonym erfasst. Damit m\u00f6chten wir sicherstellen, dass unsere Anzeigen dem potentiellen Interesse der Nutzer*innen entspricht und nicht bel\u00e4stigend wirkt.<\/p>\n<p>Die vom Browser des Nutzers \u00fcbermittelte IP-Adresse wird nicht mit anderen Daten von Google zusammengef\u00fchrt.<\/p>\n<h2>Welche Dienste und Inhalte Dritter sind eingebunden?<\/h2>\n<p>Auf der Website setzen wir verschiedene Inhalts- oder Serviceangebote von Drittanbietern ein. Mit diesen werden beispielsweise Videos oder Schriftarten eingebunden (nachfolgend bezeichnet als \u00abInhalte\u00bb). Damit diese Dienste einwandfrei funktionieren k\u00f6nnen, muss die IP-Adresse der Nutzer*innen abgerufen und an den Drittanbieter weitergegeben werden. Dieser wiederum \u00fcbermittelt die Inhalte an den Browser zur\u00fcck an den Nutzer. Drittanbieter k\u00f6nnen Pixel-Tags f\u00fcr statistische oder Marketingzwecke verwenden. Durch diese \u00abPixel-Tags\u00bb k\u00f6nnen Informationen, wie der Besucherverkehr auf den Seiten dieser Website ausgewertet werden. Die pseudonymen Informationen k\u00f6nnen ferner in Cookies auf dem Ger\u00e4t der Nutzer*innen gespeichert werden und unter anderem technische Informationen zum Browser und Betriebssystem, verweisende Webseiten, Besuchszeit sowie weitere Angaben zur Nutzung unseres Onlineangebotes enthalten, als auch mit solchen Informationen aus anderen Quellen verbunden werden.<\/p>\n<p>Folgend findest Du die Auflistung der Drittanbieter, die auf der Website eingesetzt werden. Weiter wird jeweils spezifiziert, welche Inhalte betroffen sind und wo deren Datenschutzerkl\u00e4rungen sowie weitere Hinweise zur Datenverarbeitung eingesehen werden und die jeweiligen Widerspruchsm\u00f6glichkeiten (Opt-Out) aufgerufen werden k\u00f6nnen:<\/p>\n<p><b>Google Fonts (Schriften)<\/b><br \/>\nExterne Schriftarten von Google Fonts des Anbieters Google Inc., 1600 Amphitheatre Parkway, Mountain View, CA 94043, USA,<a href=\"https:\/\/www.google.com\/fonts\"> https:\/\/www.google.com\/fonts<\/a> (\u00abGoogle Fonts\u00bb). Die Einbindung der Google Fonts erfolgt durch einen Serveraufruf bei Google (in der Regel in den USA). Datenschutzerkl\u00e4rung: https:\/\/www.google.com\/policies\/privacy\/, Opt-Out:<a href=\"https:\/\/www.google.com\/settings\/ads\/\"> https:\/\/www.google.com\/settings\/ads\/<\/a><\/p>\n<h2>Welche Rechte haben Nutzerinnen und Nutzer?<\/h2>\n<ul>\n<li>Nutzer haben das Recht, auf Antrag \u00fcber die gespeicherten Daten unentgeltlich Auskunft zu erhalten. Wende Dich f\u00fcr alle folgenden M\u00f6glichkeiten an die im Impressum genannte Kontakt-Adresse.<\/li>\n<li>Nutzer haben das Recht auf Berichtigung unrichtiger Daten.<\/li>\n<li>Nutzer haben das Recht auf L\u00f6schung der personenbezogenen Daten, soweit dem keine gesetzliche Aufbewahrungspflicht oder ein Erlaubnistatbestand, der uns die Verarbeitung der Daten gestattet, entgegensteht.<\/li>\n<li>Nutzer haben das Recht, diejenigen Daten, die herausgegeben wurden, wieder herauszuverlangen (Recht auf Datenportabilit\u00e4t). Auf Anfrage werden diese Daten auch einem Dritten herausgegeben.<\/li>\n<li>Zus\u00e4tzlich haben die Nutzer das Recht auf Berichtigung unrichtiger Daten, Einschr\u00e4nkung der Verarbeitung und L\u00f6schung Ihrer personenbezogenen Daten, sofern zutreffend, Ihre Rechte auf Datenportabilit\u00e4t geltend zu machen und im Fall der Annahme einer unrechtm\u00e4ssigen Datenverarbeitung, eine Beschwerde bei der zust\u00e4ndigen Aufsichtsbeh\u00f6rde einzureichen.<\/li>\n<\/ul>\n<h2>\u00c4nderung der Datenschutzerkl\u00e4rung<\/h2>\n<p>Die Datenschutzerkl\u00e4rung kann angepasst werden, sollte dies aufgrund ge\u00e4nderter Rechtslagen, Anpassungen des Dienstes oder der Datenverarbeitung n\u00f6tig sein.<\/p>\n<p>Nutzer*innen werden gebeten, diese Datenschutzerkl\u00e4rung regelm\u00e4ssig aufzurufen.<\/p>\n<p>Datum: 28. April 2021<\/p>\n<p><a href=\"https:\/\/piawaelti.ch\/\">zur\u00fcck zur Website<\/a><\/p>\n","protected":false},"excerpt":{"rendered":"<p>zur\u00fcck zur Website Datenschutz Dein Vertrauen ist uns wichtig \u2013 und auch Deine Datensicherheit. Pia W\u00e4lti beachtet die gesetzlichen Bestimmungen des Bundesgesetzes \u00fcber den Datenschutz (DSG), der Verordnung zum Bundesgesetz \u00fcber den Datenschutz (VDSG), des Fernmeldegesetzes (FMG) sowie andere datenschutzrechtliche Bestimmungen, beispielsweise die Datenschutzgrundverordnung der Europ\u00e4ischen Union (nachfolgend DSGVO). Grundsatz Eine Datenschutzerkl\u00e4rung kl\u00e4rt \u00fcber die &hellip; <\/p>\n<p class=\"link-more\"><a href=\"https:\/\/piawaelti.ch\/?page_id=792\" class=\"more-link\"><span class=\"screen-reader-text\">\u201eDatenschutz\u201c<\/span> weiterlesen<\/a><\/p>\n","protected":false},"author":5,"featured_media":0,"parent":0,"menu_order":0,"comment_status":"closed","ping_status":"closed","template":"","meta":{"footnotes":""},"_links":{"self":[{"href":"https:\/\/piawaelti.ch\/index.php?rest_route=\/wp\/v2\/pages\/792"}],"collection":[{"href":"https:\/\/piawaelti.ch\/index.php?rest_route=\/wp\/v2\/pages"}],"about":[{"href":"https:\/\/piawaelti.ch\/index.php?rest_route=\/wp\/v2\/types\/page"}],"author":[{"embeddable":true,"href":"https:\/\/piawaelti.ch\/index.php?rest_route=\/wp\/v2\/users\/5"}],"replies":[{"embeddable":true,"href":"https:\/\/piawaelti.ch\/index.php?rest_route=%2Fwp%2Fv2%2Fcomments&post=792"}],"version-history":[{"count":7,"href":"https:\/\/piawaelti.ch\/index.php?rest_route=\/wp\/v2\/pages\/792\/revisions"}],"predecessor-version":[{"id":856,"href":"https:\/\/piawaelti.ch\/index.php?rest_route=\/wp\/v2\/pages\/792\/revisions\/856"}],"wp:attachment":[{"href":"https:\/\/piawaelti.ch\/index.php?rest_route=%2Fwp%2Fv2%2Fmedia&parent=792"}],"curies":[{"name":"wp","href":"https:\/\/api.w.org\/{rel}","templated":true}]}}