{"id":19,"date":"2016-12-07T08:51:42","date_gmt":"2016-12-07T08:51:42","guid":{"rendered":"http:\/\/piawaelti.ch\/?page_id=19"},"modified":"2025-07-25T09:46:55","modified_gmt":"2025-07-25T09:46:55","slug":"fuer-sie","status":"publish","type":"page","link":"https:\/\/piawaelti.ch\/","title":{"rendered":"F\u00fcr Dich"},"content":{"rendered":"<h1>Anders weiterarbeiten<\/h1>\n<blockquote><p>\u00abSinn entsteht immer dann, wenn Menschen das, was sie tun, mit dem in Verbindung bringen, was ihnen wichtig ist.\u00bb Viktor Frankl<\/p><\/blockquote>\n<p>Zeit f\u00fcr neue Perspektiven nach Deinem eigenen Stil? M\u00f6chtest Du anders weiterarbeiten und mehr Klarheit dar\u00fcber, was das f\u00fcr Dich sein k\u00f6nnte, und wie Du dorthin gelangst?<\/p>\n<p>G\u00f6nne Dir eine Denkpause \u2014 und einen Aufbruch in eine andere Art von Arbeit. <a href=\"https:\/\/piawaelti.ch\/#panel2\">Pia W\u00e4lti<\/a> ist Deine Berufsberaterin und T\u00fcr\u00f6ffnerin f\u00fcr die sp\u00e4ten Berufsjahre und dar\u00fcber hinaus. Im Dienste der pers\u00f6nlichen Freiheit.<\/p>\n","protected":false},"excerpt":{"rendered":"<p>Anders weiterarbeiten \u00abSinn entsteht immer dann, wenn Menschen das, was sie tun, mit dem in Verbindung bringen, was ihnen wichtig ist.\u00bb Viktor Frankl Zeit f\u00fcr neue Perspektiven nach Deinem eigenen Stil? M\u00f6chtest Du anders weiterarbeiten und mehr Klarheit dar\u00fcber, was das f\u00fcr Dich sein k\u00f6nnte, und wie Du dorthin gelangst? G\u00f6nne Dir eine Denkpause \u2014 &hellip; <\/p>\n<p class=\"link-more\"><a href=\"https:\/\/piawaelti.ch\/\" class=\"more-link\"><span class=\"screen-reader-text\">\u201eF\u00fcr Dich\u201c<\/span> weiterlesen<\/a><\/p>\n","protected":false},"author":5,"featured_media":0,"parent":0,"menu_order":0,"comment_status":"closed","ping_status":"closed","template":"","meta":{"footnotes":""},"_links":{"self":[{"href":"https:\/\/piawaelti.ch\/index.php?rest_route=\/wp\/v2\/pages\/19"}],"collection":[{"href":"https:\/\/piawaelti.ch\/index.php?rest_route=\/wp\/v2\/pages"}],"about":[{"href":"https:\/\/piawaelti.ch\/index.php?rest_route=\/wp\/v2\/types\/page"}],"author":[{"embeddable":true,"href":"https:\/\/piawaelti.ch\/index.php?rest_route=\/wp\/v2\/users\/5"}],"replies":[{"embeddable":true,"href":"https:\/\/piawaelti.ch\/index.php?rest_route=%2Fwp%2Fv2%2Fcomments&post=19"}],"version-history":[{"count":27,"href":"https:\/\/piawaelti.ch\/index.php?rest_route=\/wp\/v2\/pages\/19\/revisions"}],"predecessor-version":[{"id":862,"href":"https:\/\/piawaelti.ch\/index.php?rest_route=\/wp\/v2\/pages\/19\/revisions\/862"}],"wp:attachment":[{"href":"https:\/\/piawaelti.ch\/index.php?rest_route=%2Fwp%2Fv2%2Fmedia&parent=19"}],"curies":[{"name":"wp","href":"https:\/\/api.w.org\/{rel}","templated":true}]}}